{"id":215,"date":"2012-09-19T17:16:23","date_gmt":"2012-09-19T17:16:23","guid":{"rendered":"http:\/\/localhost\/01\/?page_id=215"},"modified":"2024-07-18T05:45:13","modified_gmt":"2024-07-18T02:45:13","slug":"cv","status":"publish","type":"page","link":"https:\/\/yanaross.com\/?page_id=215","title":{"rendered":"CV"},"content":{"rendered":"<p><strong>YANA ROSS, Director<\/strong><br \/>\n<a href=\"mailto:yana@yanaross.com\">yana@yanaross.com<\/a><\/p>\n<p><strong>Production History:<\/strong><\/p>\n<p>2026 Ross\/Chekhov Uncle Vanya The Royal Dannish Theater<br \/>\n2025 Ross\/Chekhov Seagull Gothenburg City Theater<br \/>\n2024 Maja Zade, abgrund, Gothenburg City Theater\/ Farway Festival, Reims<br \/>\n2024 David Foster Wallace Consider the Lobster, Lithuanian National Theater<br \/>\n2024 Knausgaard Min Kamp, Berliner Ensemble<br \/>\n2023 Virginie Despentes Cher Connard, Schauspielhaus Z\u00fcrich<br \/>\n2023 Ross\/Chekhov Ivanov, Berliner Ensemble<br \/>\n2022 Slimani, Weber, Baerfuss, Oksanen, Rand, der Reigen, Salzburg Festival<br \/>\n2020 Ottessa Moshfegh My Year of Rest and Relaxation, Schauspielhaus Z\u00fcrich<br \/>\n2020 Ross\/Chekhov Cherry Orchard, Schauspielhaus Z\u00fcrich<br \/>\n2019 \u00d6d\u00f6n von Horv\u00e1th, <strong>Tales from Vienna Woods<\/strong>,\u00a0 Jaunimo Theate<br \/>\n2018\u00a0Henrik Ibsen, <strong>Wild Duck<\/strong>, Den Nationale Scene<br \/>\n2018 Henrik Ibsen, <strong>Dollhouse<\/strong>, Gothenburg City Theatre<br \/>\n2017 Halld\u00f3r Laxness, <strong>Salka<\/strong>, Reykjavik City Theater<br \/>\n2017 Anton Chekhov, <strong>Three Sisters<\/strong>, Lithuanian National Drama Theater<br \/>\n2016 Mikhail Durnenkow, <strong>The Lake<\/strong>, TR Warsawa<br \/>\n2016 Anton Chekhov, <strong>Seagull<\/strong>, Reykjavik City Theater<br \/>\n2015 Mikhail Bulgakov, <strong>Heart of a Dog<\/strong>, Uppsala Stadsteater<br \/>\n2015 Kroetz Franz Xaver, <strong>Request Concert<\/strong>, TR Warszawa \/ Laznia Nowa<br \/>\n2014 Anton Chekhov, <strong>Uncle Vanya<\/strong>, Uppsala Stadsteater<br \/>\n2014 Aleksandr Molchanov, <strong>The Killer<\/strong>, Barka Theater<br \/>\n2013 Tadeusz Slobodzianek, <strong>Our Class<\/strong>, Lithuanian National Drama Theater<br \/>\n2013 Sarah Ruhl, <strong>Eurydice<\/strong>, Finnish National Theater, Helsinki<br \/>\n2012 Gabriel\u0117 Labanauskait\u0117, <strong>Red Laces<\/strong>, Lithuanian National Drama Theater<br \/>\n2011 Mika Myllyaho, <strong>Chaos<\/strong>, Lithuanian National Drama Theater<br \/>\n2011 Giacomo Puccini, <em><strong>Suor Angelica and Gianni Schicchi<\/strong><\/em>, Klaipeda Opera<br \/>\n2011 <em><strong>Opera.ID<\/strong><\/em> New Opera Action Festival, Arts Printing House<br \/>\n2010 Arthur Schnitzler, <strong>Der Reigen<\/strong>, Lithuanian National Drama Theater<br \/>\n2009 Julius Keleras, <strong>Taxi N5<\/strong>, New Drama Festival, Vilnius<br \/>\n2009 Henrik Ibsen, <strong>Baumeister Solness<\/strong>, Lithuanian National Drama Theater<br \/>\n2008 Elfriede Jelinek, <strong>Sleeping Beauty<\/strong>, SPAF, South Korea (in association with NYTW, NYC)<br \/>\n2008 William Shakespeare, <strong>Macbeth<\/strong>, Volksb\u00fchne am-Rosa-Luxemburg Platz, Berlin<br \/>\n2007 Reiner Werner Fassbinder, <strong>Bremer Freiheit<\/strong>, Lithuanian National Drama Theater<br \/>\n2007 Laura S. \u010cerniauskait\u0117, <strong>Lucia Skates<\/strong>, Oskaras Kor\u0161unovas Theater, Vilnius<br \/>\n2007 Elfriede Jelinek, <strong>Bambiland<\/strong>, LNDT\/Oskaras Kor\u0161unovas Theater, Vilnius<br \/>\n2006 Lola Arias, <strong>A Kingdom in the Snow<\/strong>, Performance Space 122, New York City<\/p>\n<p><strong>International Festivals:<\/strong><\/p>\n<p>Vennice Biennale, Salzburg Festival, Vienna Festwochen, BITEF, Schweizer Theatertreffen,<br \/>\nFaraway Reims, Seuol Performing Arts Festival, Macao Theater Festival and others.<\/p>\n<p><strong>Academic engagement as professor:<\/strong><\/p>\n<p>Acting\/Directing\/Dramaturgy &#8211; LMTA Lithuania<br \/>\nArt University TeaK, Helsinki<br \/>\nThe Royal Central School of Speech and Drama, London<\/p>\n<p><strong>Education:<\/strong><\/p>\n<p>2006, MFA Yale University, Yale School of Drama, DFA Candidate<br \/>\n1995, BA Mass Communications, Quinnipiac University<br \/>\n1991-92 GITIS, Moscow<\/p>\n","protected":false},"excerpt":{"rendered":"<p>YANA ROSS, Director yana@yanaross.com Production History: 2026 Ross\/Chekhov Uncle Vanya The Royal Dannish Theater 2025 Ross\/Chekhov Seagull Gothenburg City Theater 2024 Maja Zade, abgrund, Gothenburg City Theater\/ Farway Festival, Reims 2024 David Foster Wallace Consider the Lobster, Lithuanian National Theater 2024 Knausgaard Min Kamp, Berliner Ensemble 2023 Virginie Despentes Cher Connard, Schauspielhaus Z\u00fcrich 2023 Ross\/Chekhov <a href='https:\/\/yanaross.com\/?page_id=215' class='excerpt-more'>[&#8230;]<\/a><\/p>\n","protected":false},"author":1,"featured_media":0,"parent":0,"menu_order":0,"comment_status":"closed","ping_status":"closed","template":"","meta":[],"_links":{"self":[{"href":"https:\/\/yanaross.com\/index.php?rest_route=\/wp\/v2\/pages\/215"}],"collection":[{"href":"https:\/\/yanaross.com\/index.php?rest_route=\/wp\/v2\/pages"}],"about":[{"href":"https:\/\/yanaross.com\/index.php?rest_route=\/wp\/v2\/types\/page"}],"author":[{"embeddable":true,"href":"https:\/\/yanaross.com\/index.php?rest_route=\/wp\/v2\/users\/1"}],"replies":[{"embeddable":true,"href":"https:\/\/yanaross.com\/index.php?rest_route=%2Fwp%2Fv2%2Fcomments&post=215"}],"version-history":[{"count":20,"href":"https:\/\/yanaross.com\/index.php?rest_route=\/wp\/v2\/pages\/215\/revisions"}],"predecessor-version":[{"id":1649,"href":"https:\/\/yanaross.com\/index.php?rest_route=\/wp\/v2\/pages\/215\/revisions\/1649"}],"wp:attachment":[{"href":"https:\/\/yanaross.com\/index.php?rest_route=%2Fwp%2Fv2%2Fmedia&parent=215"}],"curies":[{"name":"wp","href":"https:\/\/api.w.org\/{rel}","templated":true}]}}