{"id":24,"date":"2012-02-11T13:09:31","date_gmt":"2012-02-11T11:09:31","guid":{"rendered":"http:\/\/localhost\/01\/?page_id=24"},"modified":"2024-07-18T08:52:49","modified_gmt":"2024-07-18T05:52:49","slug":"performances","status":"publish","type":"page","link":"https:\/\/yanaross.com\/","title":{"rendered":"THEATER"},"content":{"rendered":"\n<h2 class=\"wp-block-heading\">2024\/25<br><strong>Premieres in France:<\/strong><\/h2>\n\n\n\n<div class=\"wp-block-group is-content-justification-space-between is-nowrap is-layout-flex wp-container-1\">\n<figure class=\"wp-block-image is-resized\"><img decoding=\"async\" loading=\"lazy\" src=\"https:\/\/yanaross.com\/wp-content\/uploads\/2024\/07\/images-1.png\" alt=\"\" class=\"wp-image-1664\" width=\"74\" height=\"45\" srcset=\"https:\/\/yanaross.com\/wp-content\/uploads\/2024\/07\/images-1.png 288w, https:\/\/yanaross.com\/wp-content\/uploads\/2024\/07\/images-1-250x152.png 250w\" sizes=\"(max-width: 74px) 100vw, 74px\" \/><\/figure>\n\n\n\n<h3 class=\"wp-block-heading has-black-color has-text-color\" style=\"font-size:15px\"><br><mark style=\"background-color:rgba(0, 0, 0, 0);color:#993300\" class=\"has-inline-color\"><em><a href=\"https:\/\/nanterre-amandiers.com\/en\/evenement\/consider-the-lobster-david-foster-wallace\/\" data-type=\"URL\" data-id=\"https:\/\/nanterre-amandiers.com\/en\/evenement\/consider-the-lobster-david-foster-wallace\/\">Consider the lobster<\/a><\/em><\/mark><mark style=\"background-color:rgba(0, 0, 0, 0);color:#863004\" class=\"has-inline-color\"><em> <\/em><\/mark><br>Paris, <mark style=\"background-color:rgba(0, 0, 0, 0);color:#993300\" class=\"has-inline-color\">November 7,8,9<\/mark><br><\/h3>\n\n\n\n<h3 class=\"wp-block-heading has-text-align-right has-black-color has-text-color\" style=\"font-size:15px\"><mark style=\"background-color:rgba(0, 0, 0, 0);color:#993300\" class=\"has-inline-color\"><a href=\"https:\/\/www.lacomediedereims.fr\/saison-24-25\/no-words\"><em>No words<\/em><\/a><\/mark><mark style=\"background-color:rgba(0, 0, 0, 0);color:#863004\" class=\"has-inline-color\"> <\/mark><br>Reims, Farway Festival, <mark style=\"background-color:rgba(0, 0, 0, 0);color:#993300\" class=\"has-inline-color\">January 29, 30<\/mark><\/h3>\n\n\n\n<figure class=\"wp-block-image is-resized\"><img decoding=\"async\" loading=\"lazy\" src=\"https:\/\/yanaross.com\/wp-content\/uploads\/2024\/07\/image1s2.png\" alt=\"\" class=\"wp-image-1665\" width=\"66\" height=\"66\" srcset=\"https:\/\/yanaross.com\/wp-content\/uploads\/2024\/07\/image1s2.png 225w, https:\/\/yanaross.com\/wp-content\/uploads\/2024\/07\/image1s2-150x150.png 150w, https:\/\/yanaross.com\/wp-content\/uploads\/2024\/07\/image1s2-96x96.png 96w, https:\/\/yanaross.com\/wp-content\/uploads\/2024\/07\/image1s2-24x24.png 24w, https:\/\/yanaross.com\/wp-content\/uploads\/2024\/07\/image1s2-36x36.png 36w, https:\/\/yanaross.com\/wp-content\/uploads\/2024\/07\/image1s2-48x48.png 48w, https:\/\/yanaross.com\/wp-content\/uploads\/2024\/07\/image1s2-64x64.png 64w\" sizes=\"(max-width: 66px) 100vw, 66px\" \/><\/figure>\n<\/div>\n\n\n\n<h2 class=\"wp-block-heading\">2025\/2026<br><strong>Premieres in Sweden, Gothenburg:<\/strong><\/h2>\n\n\n\n<div class=\"wp-block-group is-nowrap is-layout-flex wp-container-2\">\n<figure class=\"wp-block-image is-resized\"><img decoding=\"async\" loading=\"lazy\" src=\"https:\/\/yanaross.com\/wp-content\/uploads\/2018\/01\/gothenburg-stadsthater.png\" alt=\"\" class=\"wp-image-1490\" width=\"28\" height=\"73\"\/><\/figure>\n\n\n\n<h3 class=\"wp-block-heading has-black-color has-text-color\" style=\"font-size:15px\"><em><br><mark style=\"background-color:rgba(0, 0, 0, 0);color:#993300\" class=\"has-inline-color\"><a href=\"https:\/\/www.lacomediedereims.fr\/saison-24-25\/no-words\">Toast for life<\/a><\/mark><\/em><br>Gothenburg City Theater, <mark style=\"background-color:rgba(0, 0, 0, 0);color:#993300\" class=\"has-inline-color\">October 24<\/mark><br>The Royal Dannish Theater, Copenhagen, <mark style=\"background-color:rgba(0, 0, 0, 0);color:#993300\" class=\"has-inline-color\">March 20<\/mark><\/h3>\n<\/div>\n\n\n<hr \/>\n<p>Premieres 2023:<a href=\"https:\/\/yanaross.com\/wp-content\/uploads\/2023\/04\/download-1.png\"><br \/><img decoding=\"async\" loading=\"lazy\" class=\"alignnone  wp-image-1639\" src=\"https:\/\/yanaross.com\/wp-content\/uploads\/2023\/04\/download-1.png\" alt=\"\" width=\"84\" height=\"37\" srcset=\"https:\/\/yanaross.com\/wp-content\/uploads\/2023\/04\/download-1.png 339w, https:\/\/yanaross.com\/wp-content\/uploads\/2023\/04\/download-1-300x132.png 300w, https:\/\/yanaross.com\/wp-content\/uploads\/2023\/04\/download-1-250x110.png 250w\" sizes=\"(max-width: 84px) 100vw, 84px\" \/>\u00a0Anton Chekhov, &#8220;<strong>Ivanov<\/strong>&#8220;, Berlin (Germany) &#8211; January 21<\/a><a href=\"https:\/\/www.theatrenational.be\/en\/\"><br \/><img decoding=\"async\" loading=\"lazy\" class=\"alignnone wp-image-1638\" style=\"vertical-align: middle;\" src=\"https:\/\/yanaross.com\/wp-content\/uploads\/2023\/04\/download.png\" alt=\"Th\u00e9\u00e2tre National Wallonie-Bruxelles\" width=\"47\" height=\"42\" \/> David Foster, &#8220;<strong>Brief Interviews with hideous men<\/strong>&#8220;, Brussels (Belgium) &#8211; April 13<\/a><\/p>\n<hr \/>\n<p>Premieres 2019:<a href=\"http:\/\/www.jaunimoteatras.lt\/\" target=\"_blank\" rel=\"noopener noreferrer\"><br \/><img decoding=\"async\" loading=\"lazy\" class=\"alignnone\" style=\"vertical-align: middle;\" title=\"Jaunimo Theater\" src=\"https:\/\/yanaross.com\/wp-content\/uploads\/2019\/05\/download.jpg\" alt=\"Jaunimo Theater\" width=\"49\" height=\"55\" \/><\/a><a href=\"https:\/\/jaunimoteatras.lt\/spektakliai\/vienos-misko-pasakos\/\">\u00d6d\u00f6n von Horv\u00e1th, <strong>&#8220;Tales from Vienna Woods&#8221;<\/strong>, Vilnius (Lithuania) &#8211; February 14<\/a><\/p>\n<hr \/>\n<p>Premieres 2018:<\/p>\n<p><a href=\"http:\/\/www.stadsteatern.goteborg.se\/\" target=\"_blank\" rel=\"noopener noreferrer\"><img decoding=\"async\" loading=\"lazy\" class=\"alignnone wp-image-1490\" style=\"vertical-align: middle;\" title=\"G\u00f6teborgs Stadsteater\" src=\"https:\/\/yanaross.com\/wp-content\/uploads\/2018\/01\/gothenburg-stadsthater.png\" alt=\"\" width=\"22\" height=\"58\" \/> <\/a><a href=\"http:\/\/www.stadsteatern.goteborg.se\/pa-scen\/2017-2018\/ett-dockhem\/\">Henrik Ibsen, <strong>&#8220;Dollhouse&#8221;<\/strong>, Gothenburg (Sweden) &#8211; April 7<\/a><\/p>\n<p><a href=\"https:\/\/www.dns.no\" target=\"_blank\" rel=\"noopener noreferrer\"><img decoding=\"async\" loading=\"lazy\" class=\"alignnone wp-image-1520\" style=\"vertical-align: middle;\" title=\"DNS\" src=\"https:\/\/yanaross.com\/wp-content\/uploads\/2018\/01\/dns_logo.png\" alt=\"DNS\" width=\"58\" height=\"44\" srcset=\"https:\/\/yanaross.com\/wp-content\/uploads\/2018\/01\/dns_logo.png 268w, https:\/\/yanaross.com\/wp-content\/uploads\/2018\/01\/dns_logo-250x188.png 250w\" sizes=\"(max-width: 58px) 100vw, 58px\" \/><\/a>\u00a0 <a href=\"https:\/\/www.dns.no\/program\/2018\/vildanden\/\">Henrik Ibsen, <strong>&#8220;Wild Duck&#8221;<\/strong>, Bergen (Norway) &#8211; September 12<\/a><\/p>\n<hr \/>\n<p>Premieres 2017:<\/p>\n<p><a href=\"http:\/\/teatras.lt\" target=\"_blank\" rel=\"noopener noreferrer\"><img decoding=\"async\" loading=\"lazy\" class=\"alignnone\" style=\"vertical-align: middle;\" title=\"Lithuanian National Drama Theater\" src=\"https:\/\/yanaross.com\/wp-content\/uploads\/2012\/02\/NAC-logo.jpg\" width=\"58\" height=\"54\" \/><\/a><a href=\"https:\/\/yanaross.com\/?p=1371\">Anton\u00a0Chekhov\u00a0<strong>&#8220;Three Sisters&#8221;<\/strong>, Vilnius\u00a0(Lithuania) \u2014 March 17<\/a><\/p>\n<hr \/>\n<p>Premieres 2016:<\/p>\n<p><a href=\"http:\/\/trwarszawa.pl\/\" target=\"_blank\" rel=\"noopener noreferrer\"><img decoding=\"async\" loading=\"lazy\" class=\"alignnone wp-image-985\" style=\"vertical-align: middle;\" title=\"TR Warszawa\" src=\"https:\/\/yanaross.com\/wp-content\/uploads\/2012\/02\/LOGO_TR_WARSZAWA.jpg\" alt=\"LOGO_TR_WARSZAWA\" width=\"55\" height=\"55\" srcset=\"https:\/\/yanaross.com\/wp-content\/uploads\/2012\/02\/LOGO_TR_WARSZAWA.jpg 849w, https:\/\/yanaross.com\/wp-content\/uploads\/2012\/02\/LOGO_TR_WARSZAWA-150x150.jpg 150w, https:\/\/yanaross.com\/wp-content\/uploads\/2012\/02\/LOGO_TR_WARSZAWA-300x300.jpg 300w, https:\/\/yanaross.com\/wp-content\/uploads\/2012\/02\/LOGO_TR_WARSZAWA-768x768.jpg 768w, https:\/\/yanaross.com\/wp-content\/uploads\/2012\/02\/LOGO_TR_WARSZAWA-256x256.jpg 256w, https:\/\/yanaross.com\/wp-content\/uploads\/2012\/02\/LOGO_TR_WARSZAWA-96x96.jpg 96w, https:\/\/yanaross.com\/wp-content\/uploads\/2012\/02\/LOGO_TR_WARSZAWA-24x24.jpg 24w, https:\/\/yanaross.com\/wp-content\/uploads\/2012\/02\/LOGO_TR_WARSZAWA-36x36.jpg 36w, https:\/\/yanaross.com\/wp-content\/uploads\/2012\/02\/LOGO_TR_WARSZAWA-48x48.jpg 48w, https:\/\/yanaross.com\/wp-content\/uploads\/2012\/02\/LOGO_TR_WARSZAWA-64x64.jpg 64w\" sizes=\"(max-width: 55px) 100vw, 55px\" \/><\/a>\u00a0 <a href=\"https:\/\/yanaross.com\/?p=1164\" target=\"_blank\" rel=\"noopener noreferrer\">Mikhail Durnenkow\u00a0<strong>&#8220;<\/strong><strong>The Lake&#8221;<\/strong>, Warsaw (Poland) \u2014 March 2<\/a><\/p>\n<p><a href=\"http:\/\/www.borgarleikhus.is\/\" target=\"_blank\" rel=\"noopener noreferrer\"><img decoding=\"async\" loading=\"lazy\" class=\"alignnone wp-image-949\" style=\"vertical-align: middle;\" title=\"The Reykjavik City Theatre\" src=\"https:\/\/yanaross.com\/wp-content\/uploads\/2016\/06\/city-theatre.jpg\" alt=\"The Reykjavik City Theatre\" width=\"64\" height=\"48\" \/><\/a>\u00a0<a href=\"https:\/\/yanaross.com\/?p=1291\" target=\"_blank\" rel=\"noopener noreferrer\"> Anton\u00a0Chekhov <strong>&#8220;<\/strong><b>Seagull&#8221;<\/b>,\u00a0Reykjav\u00edk (Iceland) \u2014 October 16<\/a><\/p>\n<p><b><a href=\"http:\/\/www.borgarleikhus.is\/\" target=\"_blank\" rel=\"noopener noreferrer\"><img decoding=\"async\" loading=\"lazy\" class=\"alignnone wp-image-949\" style=\"vertical-align: middle;\" title=\"The Reykjavik City Theatre\" src=\"https:\/\/yanaross.com\/wp-content\/uploads\/2016\/06\/city-theatre.jpg\" alt=\"The Reykjavik City Theatre\" width=\"64\" height=\"48\" \/><\/a>\u00a0 <\/b><a href=\"https:\/\/yanaross.com\/?p=1392\">Halld\u00f3r\u00a0Laxness <strong>&#8220;Salka Valka&#8221;<\/strong>,\u00a0Reykjav\u00edk (Iceland) \u2014 Dec. 30<\/a><\/p>\n<hr \/>\n<div>\n<p>Premieres 2015:<\/p>\n<p><a href=\"http:\/\/www.uppsalastadsteater.se\/\" target=\"_blank\" rel=\"noopener noreferrer\"><img decoding=\"async\" loading=\"lazy\" class=\"alignnone wp-image-946\" style=\"vertical-align: middle;\" title=\"Uppsala Stadsteater\" src=\"https:\/\/yanaross.com\/wp-content\/uploads\/2016\/06\/uppsala_stadsteater.jpg\" width=\"120\" height=\"28\" srcset=\"https:\/\/yanaross.com\/wp-content\/uploads\/2016\/06\/uppsala_stadsteater.jpg 924w, https:\/\/yanaross.com\/wp-content\/uploads\/2016\/06\/uppsala_stadsteater-300x70.jpg 300w, https:\/\/yanaross.com\/wp-content\/uploads\/2016\/06\/uppsala_stadsteater-768x180.jpg 768w\" sizes=\"(max-width: 120px) 100vw, 120px\" \/><\/a>\u00a0 <a href=\"https:\/\/yanaross.com\/?p=1233\" target=\"_blank\" rel=\"noopener noreferrer\">Mikhail\u00a0Bulgakov\u00a0<strong>&#8220;Heart<\/strong><b style=\"line-height: 1.5;\"> of a Dog&#8221;<\/b><span style=\"line-height: 1.5;\">, Uppsala (Sweden) &#8211;\u00a0September 17<\/span><\/a><\/p>\n<p style=\"text-align: center;\"><a href=\"http:\/\/www.laznianowa.pl\/\" target=\"_blank\" rel=\"noopener noreferrer\"><img decoding=\"async\" loading=\"lazy\" class=\"alignnone wp-image-984\" style=\"vertical-align: middle;\" title=\"\u0141a\u017ania Nowa\" src=\"https:\/\/yanaross.com\/wp-content\/uploads\/2012\/02\/laznia-nowa.jpg\" alt=\"\u0141a\u017ania Nowa\" width=\"55\" height=\"55\" srcset=\"https:\/\/yanaross.com\/wp-content\/uploads\/2012\/02\/laznia-nowa.jpg 1000w, https:\/\/yanaross.com\/wp-content\/uploads\/2012\/02\/laznia-nowa-150x150.jpg 150w, https:\/\/yanaross.com\/wp-content\/uploads\/2012\/02\/laznia-nowa-300x300.jpg 300w, https:\/\/yanaross.com\/wp-content\/uploads\/2012\/02\/laznia-nowa-768x768.jpg 768w, https:\/\/yanaross.com\/wp-content\/uploads\/2012\/02\/laznia-nowa-256x256.jpg 256w, https:\/\/yanaross.com\/wp-content\/uploads\/2012\/02\/laznia-nowa-96x96.jpg 96w, https:\/\/yanaross.com\/wp-content\/uploads\/2012\/02\/laznia-nowa-24x24.jpg 24w, https:\/\/yanaross.com\/wp-content\/uploads\/2012\/02\/laznia-nowa-36x36.jpg 36w, https:\/\/yanaross.com\/wp-content\/uploads\/2012\/02\/laznia-nowa-48x48.jpg 48w, https:\/\/yanaross.com\/wp-content\/uploads\/2012\/02\/laznia-nowa-64x64.jpg 64w\" sizes=\"(max-width: 55px) 100vw, 55px\" \/><\/a>\u00a0<a href=\"http:\/\/trwarszawa.pl\/\" target=\"_blank\" rel=\"noopener noreferrer\"><img decoding=\"async\" loading=\"lazy\" class=\"alignnone wp-image-985\" style=\"vertical-align: middle;\" title=\"TR Warszawa\" src=\"https:\/\/yanaross.com\/wp-content\/uploads\/2012\/02\/LOGO_TR_WARSZAWA.jpg\" alt=\"LOGO_TR_WARSZAWA\" width=\"53\" height=\"53\" srcset=\"https:\/\/yanaross.com\/wp-content\/uploads\/2012\/02\/LOGO_TR_WARSZAWA.jpg 849w, https:\/\/yanaross.com\/wp-content\/uploads\/2012\/02\/LOGO_TR_WARSZAWA-150x150.jpg 150w, https:\/\/yanaross.com\/wp-content\/uploads\/2012\/02\/LOGO_TR_WARSZAWA-300x300.jpg 300w, https:\/\/yanaross.com\/wp-content\/uploads\/2012\/02\/LOGO_TR_WARSZAWA-768x768.jpg 768w, https:\/\/yanaross.com\/wp-content\/uploads\/2012\/02\/LOGO_TR_WARSZAWA-256x256.jpg 256w, https:\/\/yanaross.com\/wp-content\/uploads\/2012\/02\/LOGO_TR_WARSZAWA-96x96.jpg 96w, https:\/\/yanaross.com\/wp-content\/uploads\/2012\/02\/LOGO_TR_WARSZAWA-24x24.jpg 24w, https:\/\/yanaross.com\/wp-content\/uploads\/2012\/02\/LOGO_TR_WARSZAWA-36x36.jpg 36w, https:\/\/yanaross.com\/wp-content\/uploads\/2012\/02\/LOGO_TR_WARSZAWA-48x48.jpg 48w, https:\/\/yanaross.com\/wp-content\/uploads\/2012\/02\/LOGO_TR_WARSZAWA-64x64.jpg 64w\" sizes=\"(max-width: 53px) 100vw, 53px\" \/><\/a>\u00a0\u00a0<a href=\"https:\/\/yanaross.com\/?p=1239\" target=\"_blank\" rel=\"noopener noreferrer\">Kroetz Franz Xaver, <strong>&#8220;<\/strong><strong>Request Concert&#8221;<\/strong>, Warszawa\u00a0\/ Krakow (Poland) &#8211; \u00a0 \u00a0 &#8211; January 15<\/a><\/p>\n<\/div>\n<div><hr \/><\/div>\n<p>Premieres 2014:<\/p>\n<p><a href=\"http:\/\/www.uppsalastadsteater.se\/\" target=\"_blank\" rel=\"noopener noreferrer\"><img decoding=\"async\" loading=\"lazy\" class=\"alignnone wp-image-946\" style=\"vertical-align: middle;\" title=\"Uppsala Stadsteater\" src=\"https:\/\/yanaross.com\/wp-content\/uploads\/2016\/06\/uppsala_stadsteater.jpg\" width=\"120\" height=\"28\" srcset=\"https:\/\/yanaross.com\/wp-content\/uploads\/2016\/06\/uppsala_stadsteater.jpg 924w, https:\/\/yanaross.com\/wp-content\/uploads\/2016\/06\/uppsala_stadsteater-300x70.jpg 300w, https:\/\/yanaross.com\/wp-content\/uploads\/2016\/06\/uppsala_stadsteater-768x180.jpg 768w\" sizes=\"(max-width: 120px) 100vw, 120px\" \/><\/a>\u00a0\u00a0<a href=\"https:\/\/yanaross.com\/?p=913\" target=\"_blank\" rel=\"noopener noreferrer\">Anton Chekhov\u00a0<strong>&#8220;Uncle Vanya&#8221;<\/strong>, Uppsala (Sweden) &#8211;\u00a0October 18<\/a><\/p>\n<p><a href=\"https:\/\/www.google.lt\/webhp?sourceid=chrome-instant&amp;ion=1&amp;espv=2&amp;ie=UTF-8#q=Barka+Theater+Budapest+Hungary\" target=\"_blank\" rel=\"noopener noreferrer\"><img decoding=\"async\" loading=\"lazy\" class=\"alignnone wp-image-947\" style=\"vertical-align: middle;\" title=\"B\u00e1rka Theater\" src=\"https:\/\/yanaross.com\/wp-content\/uploads\/2016\/06\/barka-theather.jpg\" alt=\"barka theather\" width=\"59\" height=\"59\" srcset=\"https:\/\/yanaross.com\/wp-content\/uploads\/2016\/06\/barka-theather.jpg 600w, https:\/\/yanaross.com\/wp-content\/uploads\/2016\/06\/barka-theather-150x150.jpg 150w, https:\/\/yanaross.com\/wp-content\/uploads\/2016\/06\/barka-theather-300x300.jpg 300w, https:\/\/yanaross.com\/wp-content\/uploads\/2016\/06\/barka-theather-256x256.jpg 256w, https:\/\/yanaross.com\/wp-content\/uploads\/2016\/06\/barka-theather-96x96.jpg 96w, https:\/\/yanaross.com\/wp-content\/uploads\/2016\/06\/barka-theather-24x24.jpg 24w, https:\/\/yanaross.com\/wp-content\/uploads\/2016\/06\/barka-theather-36x36.jpg 36w, https:\/\/yanaross.com\/wp-content\/uploads\/2016\/06\/barka-theather-48x48.jpg 48w, https:\/\/yanaross.com\/wp-content\/uploads\/2016\/06\/barka-theather-64x64.jpg 64w\" sizes=\"(max-width: 59px) 100vw, 59px\" \/><\/a><a href=\"https:\/\/yanaross.com\/?p=905\" target=\"_blank\" rel=\"noopener noreferrer\">Aleksandr Molchanov<strong>\u00a0&#8220;The Killer&#8221;<\/strong>, Budapest (Hungary) &#8211; June 7<\/a><\/p>\n<hr \/>\n<p>Premieres 2013:<\/p>\n<p><a href=\"http:\/\/teatras.lt\" target=\"_blank\" rel=\"noopener noreferrer\"><img decoding=\"async\" loading=\"lazy\" class=\"alignnone\" style=\"vertical-align: middle;\" title=\"Lithuanian National Drama Theater\" src=\"https:\/\/yanaross.com\/wp-content\/uploads\/2012\/02\/NAC-logo.jpg\" width=\"58\" height=\"54\" \/><\/a><a href=\"?p=887\" target=\"_blank\" rel=\"noopener noreferrer\">Tadeusz S\u0142obodzianek\u00a0<strong>&#8220;Our Class&#8221;<\/strong>, Vilnius<\/a><\/p>\n<p><a href=\"http:\/\/www.kansallisteatteri.fi\/\" target=\"_blank\" rel=\"noopener noreferrer\"><img decoding=\"async\" loading=\"lazy\" class=\"alignnone\" style=\"vertical-align: middle; margin-left: 5px; margin-right: 5px;\" title=\"Finnish National Theater\" src=\"https:\/\/yanaross.com\/wp-content\/uploads\/2012\/02\/Kansallisteatteri.png\" width=\"64\" height=\"62\" \/><\/a> <a href=\"?p=514\" target=\"_blank\" rel=\"noopener noreferrer\">Sarah Ruhl\u00a0<strong>&#8220;Eurydice&#8221;,<\/strong>\u00a0Helsinki<\/a><\/p>\n<hr \/>\n<p><a href=\"http:\/\/teatras.lt\" target=\"_blank\" rel=\"noopener noreferrer\"><img decoding=\"async\" loading=\"lazy\" style=\"vertical-align: middle;\" title=\"Lithuanian National Drama Theater\" src=\"https:\/\/yanaross.com\/wp-content\/uploads\/2012\/02\/NAC-logo.jpg\" alt=\"\" width=\"58\" height=\"54\" \/><\/a> <a href=\"?p=396\" target=\"_blank\" rel=\"noopener noreferrer\">Gabriel\u0117 Labanauskait\u0117\u00a0<strong>&#8220;Red Laces&#8221;,<\/strong>\u00a0Vilnius 2012<\/a><\/p>\n<p><a href=\"http:\/\/teatras.lt\" target=\"_blank\" rel=\"noopener noreferrer\"><img decoding=\"async\" loading=\"lazy\" style=\"vertical-align: middle;\" title=\"Lithuanian National Drama Theater\" src=\"https:\/\/yanaross.com\/wp-content\/uploads\/2012\/02\/NAC-logo.jpg\" alt=\"\" width=\"58\" height=\"54\" \/><\/a> <a href=\"?p=108\" target=\"_blank\" rel=\"noopener noreferrer\">Mika Myllyaho\u00a0<strong>&#8220;Chaos&#8221;<\/strong>\u00a0Vilnius 2011<\/a><\/p>\n<p><a href=\"http:\/\/teatras.lt\" target=\"_blank\" rel=\"noopener noreferrer\"><img decoding=\"async\" loading=\"lazy\" style=\"vertical-align: middle;\" title=\"Lithuanian National Drama Theater\" src=\"https:\/\/yanaross.com\/wp-content\/uploads\/2012\/02\/NAC-logo.jpg\" alt=\"\" width=\"58\" height=\"54\" \/><\/a> <a href=\"?p=88\" target=\"_blank\" rel=\"noopener noreferrer\">Arthur Schnitzler <strong>&#8220;Der Reigen&#8221;, <\/strong>Vilnius 2010<\/a><\/p>\n<p>Julius Keleras\u00a0<strong>&#8220;Taxi N5&#8221;<\/strong>, New Drama Festival, Vilnius 2009<\/p>\n<p><a href=\"http:\/\/teatras.lt\" target=\"_blank\" rel=\"noopener noreferrer\"><img decoding=\"async\" loading=\"lazy\" style=\"vertical-align: middle;\" title=\"Lithuanian National Drama Theater\" src=\"https:\/\/yanaross.com\/wp-content\/uploads\/2012\/02\/NAC-logo.jpg\" alt=\"\" width=\"58\" height=\"54\" \/><\/a> <a href=\"?p=353\" target=\"_blank\" rel=\"noopener noreferrer\">Henrik Ibsen\u00a0<strong>&#8220;<\/strong><strong>Baumeister Solness&#8221;<\/strong>, Vilnius 2009<\/a><\/p>\n<p><a href=\"http:\/\/www.spaf.or.kr\/2012english\/\" target=\"_blank\" rel=\"noopener noreferrer\"><img decoding=\"async\" loading=\"lazy\" class=\"alignnone\" style=\"vertical-align: middle;\" title=\"Seoul Performing Arts Festival in association with NYTW, NYC\" src=\"https:\/\/yanaross.com\/wp-content\/uploads\/2012\/02\/SPAF-logo1.jpg\" alt=\"\" width=\"112\" height=\"52\" \/><\/a> <a href=\"?p=312\" target=\"_blank\" rel=\"noopener noreferrer\">Elfriede Jelinek\u00a0<strong>&#8220;<\/strong><strong>Sleeping Beauty&#8221;<\/strong>, Seoul 2008<\/a><\/p>\n<p><a href=\"http:\/\/www.volksbuehne-berlin.de\/\" target=\"_blank\" rel=\"noopener noreferrer\"><img decoding=\"async\" loading=\"lazy\" style=\"vertical-align: middle;\" title=\"Volksb\u00fchne am-Rosa-Luxemburg Platz\" src=\"https:\/\/yanaross.com\/wp-content\/uploads\/2012\/02\/VB-logo.jpg\" alt=\"\" width=\"47\" height=\"62\" \/><\/a> <a href=\"?p=283\" target=\"_blank\" rel=\"noopener noreferrer\">William Shakespeare\u00a0<strong>&#8220;<\/strong><strong>Macbeth&#8221;,<\/strong>\u00a0Berlin 2008<\/a><\/p>\n<p><a href=\"http:\/\/teatras.lt\" target=\"_blank\" rel=\"noopener noreferrer\"><img decoding=\"async\" loading=\"lazy\" style=\"vertical-align: middle;\" title=\"Lithuanian National Drama Theater\" src=\"https:\/\/yanaross.com\/wp-content\/uploads\/2012\/02\/NAC-logo.jpg\" alt=\"\" width=\"58\" height=\"54\" \/><\/a> <a href=\"?p=71\" target=\"_blank\" rel=\"noopener noreferrer\">Reiner Werner Fassbinder\u00a0<strong>&#8220;<\/strong><strong>Bremer Freiheit&#8221;<\/strong>, Vilnius 2007<\/a><\/p>\n<p><a href=\"http:\/\/okt.lt\" target=\"_blank\" rel=\"noopener noreferrer\"><img decoding=\"async\" loading=\"lazy\" style=\"vertical-align: middle;\" title=\"Oskaras Kor\u0161unovas Theater\" src=\"https:\/\/yanaross.com\/wp-content\/uploads\/2012\/02\/OKT-logo.jpg\" alt=\"\" width=\"49\" height=\"55\" \/><\/a> <a href=\"?p=121\" target=\"_blank\" rel=\"noopener noreferrer\">Laura S. \u010cerniauskait\u0117\u00a0<strong>&#8220;<\/strong><strong>Liucia skates&#8221;<\/strong>, Vilnius 2007<\/a><\/p>\n<p><a href=\"http:\/\/teatras.lt\" target=\"_blank\" rel=\"noopener noreferrer\"><img decoding=\"async\" loading=\"lazy\" style=\"vertical-align: middle;\" title=\"Lithuanian National Drama Theater\" src=\"https:\/\/yanaross.com\/wp-content\/uploads\/2012\/02\/NAC-logo.jpg\" alt=\"\" width=\"58\" height=\"54\" \/><\/a> <a href=\"http:\/\/okt.lt\" target=\"_blank\" rel=\"noopener noreferrer\"><img decoding=\"async\" loading=\"lazy\" style=\"vertical-align: middle;\" title=\"Oskaras Kor\u0161unovas Theater\" src=\"https:\/\/yanaross.com\/wp-content\/uploads\/2012\/02\/OKT-logo.jpg\" alt=\"\" width=\"49\" height=\"55\" \/><\/a> <a href=\"?p=5\" target=\"_blank\" rel=\"noopener noreferrer\">Elfriede Jelinek\u00a0<strong>&#8220;<\/strong><strong>Bambiland&#8221;<\/strong>, Vilnius 2007<\/a><\/p>\n<p><a title=\"Performance Space 122\" href=\"http:\/\/www.ps122.org\/\" target=\"_blank\" rel=\"noopener noreferrer\"><img decoding=\"async\" loading=\"lazy\" style=\"vertical-align: middle;\" title=\"Performace Space 122\" src=\"https:\/\/yanaross.com\/wp-content\/uploads\/2012\/02\/Performace-Space-122.jpg\" alt=\"\" width=\"45\" height=\"64\" \/><\/a>\u00a0 <a href=\"?p=234\" target=\"_blank\" rel=\"noopener noreferrer\">Lola Arias\u00a0<strong>&#8220;<\/strong><strong>A Kingdom in the Snow&#8221;,<\/strong>\u00a0New York City 2006<\/a><\/p>","protected":false},"excerpt":{"rendered":"<p>2024\/25Premieres in France: Consider the lobster Paris, November 7,8,9 No words Reims, Farway Festival, January 29, 30 2025\/2026Premieres in Sweden, Gothenburg: Toast for lifeGothenburg City Theater, October 24The Royal Dannish Theater, Copenhagen, March 20 Premieres 2023:\u00a0Anton Chekhov, &#8220;Ivanov&#8220;, Berlin (Germany) &#8211; January 21 David Foster, &#8220;Brief Interviews with hideous men&#8220;, Brussels (Belgium) &#8211; April 13 <a href='https:\/\/yanaross.com\/' class='excerpt-more'>[&#8230;]<\/a><\/p>\n","protected":false},"author":1,"featured_media":0,"parent":0,"menu_order":2,"comment_status":"closed","ping_status":"closed","template":"magazine.php","meta":[],"_links":{"self":[{"href":"https:\/\/yanaross.com\/index.php?rest_route=\/wp\/v2\/pages\/24"}],"collection":[{"href":"https:\/\/yanaross.com\/index.php?rest_route=\/wp\/v2\/pages"}],"about":[{"href":"https:\/\/yanaross.com\/index.php?rest_route=\/wp\/v2\/types\/page"}],"author":[{"embeddable":true,"href":"https:\/\/yanaross.com\/index.php?rest_route=\/wp\/v2\/users\/1"}],"replies":[{"embeddable":true,"href":"https:\/\/yanaross.com\/index.php?rest_route=%2Fwp%2Fv2%2Fcomments&post=24"}],"version-history":[{"count":200,"href":"https:\/\/yanaross.com\/index.php?rest_route=\/wp\/v2\/pages\/24\/revisions"}],"predecessor-version":[{"id":1666,"href":"https:\/\/yanaross.com\/index.php?rest_route=\/wp\/v2\/pages\/24\/revisions\/1666"}],"wp:attachment":[{"href":"https:\/\/yanaross.com\/index.php?rest_route=%2Fwp%2Fv2%2Fmedia&parent=24"}],"curies":[{"name":"wp","href":"https:\/\/api.w.org\/{rel}","templated":true}]}}