{"id":9,"date":"2012-02-11T08:57:30","date_gmt":"2012-02-11T08:57:30","guid":{"rendered":"http:\/\/localhost\/01\/?page_id=9"},"modified":"2024-07-18T05:38:31","modified_gmt":"2024-07-18T02:38:31","slug":"biografija","status":"publish","type":"page","link":"https:\/\/yanaross.com\/?page_id=9","title":{"rendered":"YANA ROSS"},"content":{"rendered":"<p>Yana Ross is a Lithuanian-American director based in Vilnius with extensive international work in Sweden,<br \/>\nIceland, Norway and Germany. She developed a unique artistic practice through constant shift of cultural<br \/>\nperspectives and deep ensemble work. From 2019 till 2024 she was part of a collective artistic leadership at Schauspielhaus Z\u00fcrich where her work toured to Venice Biennale, Th\u00e9\u00e2tre National Wallonie-Bruxelles and Salzburg Festival. Ross often stages strong female voices such as Maja Zade, Kata Weber, Leila Slimani and Virginie Despentes. She also keeps returing to Anton Chekhov and David Foster Wallace as her perpetual source of inspiration.<\/p>\n<p style=\"text-align: center;\"><em><strong><a title=\"CV\" href=\"?page_id=215\">CV \/ Performances<\/a><\/strong><\/em><\/p>\n<p style=\"text-align: center;\">\n<p><strong>Contact:<\/strong><\/p>\n<p><a href=\"mailto:yana@yanaross.com\">yana@yanaross.com<\/a><\/p>\n","protected":false},"excerpt":{"rendered":"<p>Yana Ross is a Lithuanian-American director based in Vilnius with extensive international work in Sweden, Iceland, Norway and Germany. She developed a unique artistic practice through constant shift of cultural perspectives and deep ensemble work. From 2019 till 2024 she was part of a collective artistic leadership at Schauspielhaus Z\u00fcrich where her work toured to <a href='https:\/\/yanaross.com\/?page_id=9' class='excerpt-more'>[&#8230;]<\/a><\/p>\n","protected":false},"author":1,"featured_media":0,"parent":0,"menu_order":1,"comment_status":"closed","ping_status":"closed","template":"magazine.php","meta":[],"_links":{"self":[{"href":"https:\/\/yanaross.com\/index.php?rest_route=\/wp\/v2\/pages\/9"}],"collection":[{"href":"https:\/\/yanaross.com\/index.php?rest_route=\/wp\/v2\/pages"}],"about":[{"href":"https:\/\/yanaross.com\/index.php?rest_route=\/wp\/v2\/types\/page"}],"author":[{"embeddable":true,"href":"https:\/\/yanaross.com\/index.php?rest_route=\/wp\/v2\/users\/1"}],"replies":[{"embeddable":true,"href":"https:\/\/yanaross.com\/index.php?rest_route=%2Fwp%2Fv2%2Fcomments&post=9"}],"version-history":[{"count":19,"href":"https:\/\/yanaross.com\/index.php?rest_route=\/wp\/v2\/pages\/9\/revisions"}],"predecessor-version":[{"id":1646,"href":"https:\/\/yanaross.com\/index.php?rest_route=\/wp\/v2\/pages\/9\/revisions\/1646"}],"wp:attachment":[{"href":"https:\/\/yanaross.com\/index.php?rest_route=%2Fwp%2Fv2%2Fmedia&parent=9"}],"curies":[{"name":"wp","href":"https:\/\/api.w.org\/{rel}","templated":true}]}}